{"id":1483,"date":"2014-02-19T15:16:17","date_gmt":"2014-02-19T15:16:17","guid":{"rendered":"https:\/\/www.molto.es\/?page_id=1483"},"modified":"2026-02-11T10:36:46","modified_gmt":"2026-02-11T10:36:46","slug":"contacto","status":"publish","type":"page","link":"https:\/\/www.molto.es\/es\/contacto\/","title":{"rendered":"Contacto"},"content":{"rendered":"\t\t<div data-elementor-type=\"wp-page\" data-elementor-id=\"1483\" class=\"elementor elementor-1483\" data-elementor-post-type=\"page\">\n\t\t\t\t<div class=\"elementor-element elementor-element-bf2f1c8 e-flex e-con-boxed e-con e-parent\" data-id=\"bf2f1c8\" data-element_type=\"container\">\n\t\t\t\t\t<div class=\"e-con-inner\">\n\t\t\t\t<div class=\"elementor-element elementor-element-0527ab4 elementor-widget elementor-widget-image\" data-id=\"0527ab4\" data-element_type=\"widget\" data-widget_type=\"image.default\">\n\t\t\t\t\t\t\t\t\t\t\t\t\t\t\t<img fetchpriority=\"high\" decoding=\"async\" width=\"1040\" height=\"400\" src=\"https:\/\/www.molto.es\/wp-content\/uploads\/2026\/02\/fondo-contacto_es.jpg\" class=\"attachment-full size-full wp-image-22662\" alt=\"\" srcset=\"https:\/\/www.molto.es\/wp-content\/uploads\/2026\/02\/fondo-contacto_es.jpg 1040w, https:\/\/www.molto.es\/wp-content\/uploads\/2026\/02\/fondo-contacto_es-300x115.jpg 300w, https:\/\/www.molto.es\/wp-content\/uploads\/2026\/02\/fondo-contacto_es-1024x394.jpg 1024w, https:\/\/www.molto.es\/wp-content\/uploads\/2026\/02\/fondo-contacto_es-768x295.jpg 768w, https:\/\/www.molto.es\/wp-content\/uploads\/2026\/02\/fondo-contacto_es-193x74.jpg 193w, https:\/\/www.molto.es\/wp-content\/uploads\/2026\/02\/fondo-contacto_es-570x219.jpg 570w, https:\/\/www.molto.es\/wp-content\/uploads\/2026\/02\/fondo-contacto_es-330x127.jpg 330w\" sizes=\"(max-width: 1040px) 100vw, 1040px\" \/>\t\t\t\t\t\t\t\t\t\t\t\t\t\t\t<\/div>\n\t\t\t\t\t<\/div>\n\t\t\t\t<\/div>\n\t\t<div class=\"elementor-element elementor-element-7cd57f9 e-flex e-con-boxed e-con e-parent\" data-id=\"7cd57f9\" data-element_type=\"container\" data-settings=\"{&quot;background_background&quot;:&quot;classic&quot;}\">\n\t\t\t\t\t<div class=\"e-con-inner\">\n\t\t<div class=\"elementor-element elementor-element-8e5698b e-con-full e-flex e-con e-child\" data-id=\"8e5698b\" data-element_type=\"container\" data-settings=\"{&quot;background_background&quot;:&quot;classic&quot;}\">\n\t\t<div class=\"elementor-element elementor-element-1da3d11 e-con-full e-flex e-con e-child\" data-id=\"1da3d11\" data-element_type=\"container\" data-settings=\"{&quot;background_background&quot;:&quot;classic&quot;}\">\n\t\t<div class=\"elementor-element elementor-element-edea9ab e-con-full e-flex e-con e-child\" data-id=\"edea9ab\" data-element_type=\"container\" data-settings=\"{&quot;background_background&quot;:&quot;classic&quot;}\">\n\t\t<div class=\"elementor-element elementor-element-61b459b e-con-full e-flex e-con e-child\" data-id=\"61b459b\" data-element_type=\"container\">\n\t\t\t\t<div class=\"elementor-element elementor-element-55eb163 elementor-widget elementor-widget-image\" data-id=\"55eb163\" data-element_type=\"widget\" data-widget_type=\"image.default\">\n\t\t\t\t\t\t\t\t\t\t\t\t\t\t\t<img decoding=\"async\" width=\"154\" height=\"81\" src=\"https:\/\/www.molto.es\/wp-content\/uploads\/2026\/02\/contacta_es.png\" class=\"attachment-full size-full wp-image-22660\" alt=\"\" \/>\t\t\t\t\t\t\t\t\t\t\t\t\t\t\t<\/div>\n\t\t\t\t<\/div>\n\t\t<div class=\"elementor-element elementor-element-9645c1e e-con-full e-flex e-con e-child\" data-id=\"9645c1e\" data-element_type=\"container\">\n\t\t<div class=\"elementor-element elementor-element-4c97045 e-con-full e-flex e-con e-child\" data-id=\"4c97045\" data-element_type=\"container\">\n\t\t\t\t<div class=\"elementor-element elementor-element-efb25c5 elementor-position-block-start elementor-mobile-position-block-start elementor-view-default elementor-widget elementor-widget-icon-box\" data-id=\"efb25c5\" data-element_type=\"widget\" data-widget_type=\"icon-box.default\">\n\t\t\t\t\t\t\t<div class=\"elementor-icon-box-wrapper\">\n\n\t\t\t\t\t\t<div class=\"elementor-icon-box-icon\">\n\t\t\t\t<span  class=\"elementor-icon\">\n\t\t\t\t<svg aria-hidden=\"true\" class=\"e-font-icon-svg e-fas-map-marker-alt\" viewBox=\"0 0 384 512\" xmlns=\"http:\/\/www.w3.org\/2000\/svg\"><path d=\"M172.268 501.67C26.97 291.031 0 269.413 0 192 0 85.961 85.961 0 192 0s192 85.961 192 192c0 77.413-26.97 99.031-172.268 309.67-9.535 13.774-29.93 13.773-39.464 0zM192 272c44.183 0 80-35.817 80-80s-35.817-80-80-80-80 35.817-80 80 35.817 80 80 80z\"><\/path><\/svg>\t\t\t\t<\/span>\n\t\t\t<\/div>\n\t\t\t\n\t\t\t\t\t\t<div class=\"elementor-icon-box-content\">\n\n\t\t\t\t\n\t\t\t\t\t\t\t\t\t<p class=\"elementor-icon-box-description\">\n\t\t\t\t\t\tC\/ Murcia 3<br \/>\n03440 IBI - Alicante (Spain)\t\t\t\t\t<\/p>\n\t\t\t\t\n\t\t\t<\/div>\n\t\t\t\n\t\t<\/div>\n\t\t\t\t\t\t<\/div>\n\t\t\t\t<div class=\"elementor-element elementor-element-d4b1a10 elementor-widget elementor-widget-heading\" data-id=\"d4b1a10\" data-element_type=\"widget\" data-widget_type=\"heading.default\">\n\t\t\t\t\t<span class=\"elementor-heading-title elementor-size-default\"><a href=\"https:\/\/goo.gl\/maps\/uskEM\">Ver en google maps<\/a><\/span>\t\t\t\t<\/div>\n\t\t\t\t<\/div>\n\t\t<div class=\"elementor-element elementor-element-4f883d4 e-con-full e-flex e-con e-child\" data-id=\"4f883d4\" data-element_type=\"container\">\n\t\t\t\t<div class=\"elementor-element elementor-element-f9ee142 elementor-position-block-start elementor-mobile-position-block-start elementor-view-default elementor-widget elementor-widget-icon-box\" data-id=\"f9ee142\" data-element_type=\"widget\" data-widget_type=\"icon-box.default\">\n\t\t\t\t\t\t\t<div class=\"elementor-icon-box-wrapper\">\n\n\t\t\t\t\t\t<div class=\"elementor-icon-box-icon\">\n\t\t\t\t<a href=\"tel:+34965035326\" class=\"elementor-icon\" tabindex=\"-1\" aria-label=\"(+34) 965 035 326\">\n\t\t\t\t<svg aria-hidden=\"true\" class=\"e-font-icon-svg e-fas-phone-alt\" viewBox=\"0 0 512 512\" xmlns=\"http:\/\/www.w3.org\/2000\/svg\"><path d=\"M497.39 361.8l-112-48a24 24 0 0 0-28 6.9l-49.6 60.6A370.66 370.66 0 0 1 130.6 204.11l60.6-49.6a23.94 23.94 0 0 0 6.9-28l-48-112A24.16 24.16 0 0 0 122.6.61l-104 24A24 24 0 0 0 0 48c0 256.5 207.9 464 464 464a24 24 0 0 0 23.4-18.6l24-104a24.29 24.29 0 0 0-14.01-27.6z\"><\/path><\/svg>\t\t\t\t<\/a>\n\t\t\t<\/div>\n\t\t\t\n\t\t\t\t\t\t<div class=\"elementor-icon-box-content\">\n\n\t\t\t\t\t\t\t\t\t<span class=\"elementor-icon-box-title\">\n\t\t\t\t\t\t<a href=\"tel:+34965035326\" >\n\t\t\t\t\t\t\t(+34) 965 035 326\t\t\t\t\t\t<\/a>\n\t\t\t\t\t<\/span>\n\t\t\t\t\n\t\t\t\t\t\t\t\t\t<p class=\"elementor-icon-box-description\">\n\t\t\t\t\t\tLunes a Viernes, 9AM - 12PM\t\t\t\t\t<\/p>\n\t\t\t\t\n\t\t\t<\/div>\n\t\t\t\n\t\t<\/div>\n\t\t\t\t\t\t<\/div>\n\t\t\t\t<div class=\"elementor-element elementor-element-10776d7 cv-toggle-btn elementor-widget elementor-widget-button\" data-id=\"10776d7\" data-element_type=\"widget\" id=\"cv-toggle-btn\" data-widget_type=\"button.default\">\n\t\t\t\t\t\t\t\t\t\t<a class=\"elementor-button elementor-button-link elementor-size-sm\" href=\"#\">\n\t\t\t\t\t\t<span class=\"elementor-button-content-wrapper\">\n\t\t\t\t\t\t\t\t\t<span class=\"elementor-button-text\">Env\u00edanos tu curr\u00edculum<\/span>\n\t\t\t\t\t<\/span>\n\t\t\t\t\t<\/a>\n\t\t\t\t\t\t\t\t<\/div>\n\t\t\t\t<\/div>\n\t\t<div class=\"elementor-element elementor-element-1c88b2b e-con-full e-flex e-con e-child\" data-id=\"1c88b2b\" data-element_type=\"container\">\n\t\t\t\t<div class=\"elementor-element elementor-element-cbfb382 elementor-position-block-start elementor-mobile-position-block-start elementor-view-default elementor-widget elementor-widget-icon-box\" data-id=\"cbfb382\" data-element_type=\"widget\" data-widget_type=\"icon-box.default\">\n\t\t\t\t\t\t\t<div class=\"elementor-icon-box-wrapper\">\n\n\t\t\t\t\t\t<div class=\"elementor-icon-box-icon\">\n\t\t\t\t<span  class=\"elementor-icon\">\n\t\t\t\t<svg aria-hidden=\"true\" class=\"e-font-icon-svg e-fas-envelope\" viewBox=\"0 0 512 512\" xmlns=\"http:\/\/www.w3.org\/2000\/svg\"><path d=\"M502.3 190.8c3.9-3.1 9.7-.2 9.7 4.7V400c0 26.5-21.5 48-48 48H48c-26.5 0-48-21.5-48-48V195.6c0-5 5.7-7.8 9.7-4.7 22.4 17.4 52.1 39.5 154.1 113.6 21.1 15.4 56.7 47.8 92.2 47.6 35.7.3 72-32.8 92.3-47.6 102-74.1 131.6-96.3 154-113.7zM256 320c23.2.4 56.6-29.2 73.4-41.4 132.7-96.3 142.8-104.7 173.4-128.7 5.8-4.5 9.2-11.5 9.2-18.9v-19c0-26.5-21.5-48-48-48H48C21.5 64 0 85.5 0 112v19c0 7.4 3.4 14.3 9.2 18.9 30.6 23.9 40.7 32.4 173.4 128.7 16.8 12.2 50.2 41.8 73.4 41.4z\"><\/path><\/svg>\t\t\t\t<\/span>\n\t\t\t<\/div>\n\t\t\t\n\t\t\t\t\t\t<div class=\"elementor-icon-box-content\">\n\n\t\t\t\t\n\t\t\t\t\t\t\t\t\t<p class=\"elementor-icon-box-description\">\n\t\t\t\t\t\tDpto Ventas\/Marketing:\t\t\t\t\t<\/p>\n\t\t\t\t\n\t\t\t<\/div>\n\t\t\t\n\t\t<\/div>\n\t\t\t\t\t\t<\/div>\n\t\t\t\t<div class=\"elementor-element elementor-element-d188db6 elementor-widget elementor-widget-heading\" data-id=\"d188db6\" data-element_type=\"widget\" data-widget_type=\"heading.default\">\n\t\t\t\t\t<span class=\"elementor-heading-title elementor-size-default\"><a href=\"mailto:molto@molto.com\">molto@molto.com<\/a><\/span>\t\t\t\t<\/div>\n\t\t\t\t<\/div>\n\t\t\t\t<\/div>\n\t\t<div class=\"elementor-element elementor-element-1144aa7 e-con-full cv-form-wrap e-flex e-con e-child\" data-id=\"1144aa7\" data-element_type=\"container\">\n\t\t\t\t<div class=\"elementor-element elementor-element-877cc21 elementor-widget elementor-widget-heading\" data-id=\"877cc21\" data-element_type=\"widget\" data-widget_type=\"heading.default\">\n\t\t\t\t\t<h3 class=\"elementor-heading-title elementor-size-default\">Env\u00edo de<br \/> Curr\u00edculum<\/h3>\t\t\t\t<\/div>\n\t\t\t\t<div class=\"elementor-element elementor-element-394113b elementor-widget elementor-widget-text-editor\" data-id=\"394113b\" data-element_type=\"widget\" data-widget_type=\"text-editor.default\">\n\t\t\t\t\t\t\t\t\t<p>Los campos marcados con <span class=\"ninja-forms-req-symbol\" style=\"color: #ff0000;\">*<\/span> son obligatorios<\/p>\t\t\t\t\t\t\t\t<\/div>\n\t\t\t\t<div class=\"elementor-element elementor-element-bfe0461 elementor-button-align-center elementor-widget elementor-widget-form\" data-id=\"bfe0461\" data-element_type=\"widget\" data-settings=\"{&quot;step_next_label&quot;:&quot;Next \\u27f6&quot;,&quot;step_previous_label&quot;:&quot;\\u27f5 back&quot;,&quot;step_icon_shape&quot;:&quot;square&quot;,&quot;button_width&quot;:&quot;100&quot;,&quot;step_type&quot;:&quot;number_text&quot;}\" data-widget_type=\"form.default\">\n\t\t\t\t\t\t\t<form class=\"elementor-form\" method=\"post\" name=\"Env\u00edo de corr\u00edculums\" aria-label=\"Env\u00edo de corr\u00edculums\">\n\t\t\t<input type=\"hidden\" name=\"post_id\" value=\"1483\"\/>\n\t\t\t<input type=\"hidden\" name=\"form_id\" value=\"bfe0461\"\/>\n\t\t\t<input type=\"hidden\" name=\"referer_title\" value=\"Contacto | Molto \u00b7 Juguetes para ni\u00f1os y beb\u00e9s . Entra para contactar con Molto\" \/>\n\n\t\t\t\t\t\t\t<input type=\"hidden\" name=\"queried_id\" value=\"1483\"\/>\n\t\t\t\n\t\t\t<div class=\"elementor-form-fields-wrapper elementor-labels-\">\n\t\t\t\t\t\t\t\t<div class=\"elementor-field-type-text elementor-field-group elementor-column elementor-field-group-nombre elementor-col-100 elementor-field-required\">\n\t\t\t\t\t\t\t\t\t\t\t\t<label for=\"form-field-nombre\" class=\"elementor-field-label elementor-screen-only\">\n\t\t\t\t\t\t\t\tnombre\t\t\t\t\t\t\t<\/label>\n\t\t\t\t\t\t\t\t\t\t\t\t\t\t<input size=\"1\" type=\"text\" name=\"form_fields[nombre]\" id=\"form-field-nombre\" class=\"elementor-field elementor-size-lg  elementor-field-textual\" placeholder=\"Nombre*\" required=\"required\">\n\t\t\t\t\t\t\t\t\t\t\t<\/div>\n\t\t\t\t\t\t\t\t<div class=\"elementor-field-type-text elementor-field-group elementor-column elementor-field-group-apellidos elementor-col-100 elementor-field-required\">\n\t\t\t\t\t\t\t\t\t\t\t\t<label for=\"form-field-apellidos\" class=\"elementor-field-label elementor-screen-only\">\n\t\t\t\t\t\t\t\tapellidos\t\t\t\t\t\t\t<\/label>\n\t\t\t\t\t\t\t\t\t\t\t\t\t\t<input size=\"1\" type=\"text\" name=\"form_fields[apellidos]\" id=\"form-field-apellidos\" class=\"elementor-field elementor-size-lg  elementor-field-textual\" placeholder=\"Apellidos*\" required=\"required\">\n\t\t\t\t\t\t\t\t\t\t\t<\/div>\n\t\t\t\t\t\t\t\t<div class=\"elementor-field-type-upload elementor-field-group elementor-column elementor-field-group-curriculum elementor-col-100 elementor-field-required\">\n\t\t\t\t\t\t\t\t\t\t\t\t<label for=\"form-field-curriculum\" class=\"elementor-field-label elementor-screen-only\">\n\t\t\t\t\t\t\t\tcurriculum\t\t\t\t\t\t\t<\/label>\n\t\t\t\t\t\t\t\t<input type=\"file\" name=\"form_fields[curriculum]\" id=\"form-field-curriculum\" class=\"elementor-field elementor-size-lg  elementor-upload-field\" required=\"required\">\n\n\t\t\t\t\t\t<\/div>\n\t\t\t\t\t\t\t\t<div class=\"elementor-field-type-html elementor-field-group elementor-column elementor-field-group-field_4c03d85 elementor-col-100\">\n\t\t\t\t\t<div class=\"tablagdpr\">\n\t\t\t\t\t<p class=\"title\">\n\t\t\t\t\t\t\tInformaci\u00f3n b\u00e1sica sobre protecci\u00f3n de datos.\n\t\t\t\t\t\t<\/p>\n\n\n\n<table>\n\n\n\n\n\t\t\t\t\t\t\n\t\t\t\t\t\t<tbody>\n\n\n\n<tr>\n\n\n\n\n\t\t\t\t\t\t\t<td><strong>Responsable<\/strong><\/td>\n\n\n\n\n\t\t\t\t\t\t\t<td>Molt\u00f3 y C\u00eda, S.A<\/td>\n\n\n\n\n\t\t\t\t\t\t<\/tr>\n\n\n\n\n\t\t\t\t\t\t<tr>\n\n\n\n\n\t\t\t\t\t\t\t<td><strong>Finalidad<\/strong><\/td>\n\n\n\n\n\t\t\t\t\t\t\t<td>Gestionar la recepci\u00f3n de los curr\u00edculums y disponer de una base de \ndatos de futuros candidatos a cubrir posibles vacantes en puestos de \ntrabajo de nuestra empresa, ajustada a su perfil profesional.<\/td>\n\n\n\n\n\t\t\t\t\t\t<\/tr>\n\n\n\n\n\t\t\t\t\t\t<tr>\n\n\n\n\n\t\t\t\t\t\t\t<td><strong>Legitimaci\u00f3n<\/strong><\/td>\n\n\n\n\n\t\t\t\t\t\t\t<td>Consentimiento del interesado. Art\u00edculo 6.1.a) del RGPD.<\/td>\n\n\n\n\n\t\t\t\t\t\t<\/tr>\n\n\n\n\n\t\t\t\t\t\t<tr>\n\n\n\n\n\t\t\t\t\t\t\t<td><strong>Destinatarios<\/strong><\/td>\n\n\n\n\n\t\t\t\t\t\t\t<td>No se ceder\u00e1n datos a terceros, salvo obligaci\u00f3n legal.<\/td>\n\n\n\n\n\t\t\t\t\t\t<\/tr>\n\n\n\n\n\t\t\t\t\t\t<tr>\n\n\n\n\n\t\t\t\t\t\t\t<td><strong>Derechos<\/strong><\/td>\n\n\n\n\n\t\t\t\t\t\t\t<td>Acceso, rectificaci\u00f3n, supresi\u00f3n, limitaci\u00f3n, oposici\u00f3n y portabilidad de los datos y otros derechos, como se explica en la informaci\u00f3n adicional.<\/td>\n\n\n\n\n\t\t\t\t\t\t<\/tr>\n\n\n\n\n\t\t\t\t\t\t<tr>\n\n\n\n\n\t\t\t\t\t\t\t<td><strong>Caducidad<\/strong><\/td>\n\n\n\n\n\t\t\t\t\t\t\t<td>Le informamos que pasado 1 a\u00f1o desde la recepci\u00f3n de su curr\u00edculum sin que se le haya presentado ninguna oferta de trabajo, este ser\u00e1 autom\u00e1ticamente cancelado de nuestra base de datos.<\/td>\n\n\n\n\n\t\t\t\t\t\t<\/tr>\n\n\n\n\n\t\t\t\t\t\t<tr>\n\n\n\n\n\t\t\t\t\t\t\t<td><strong>Informaci\u00f3n Adicional<\/strong><\/td>\n\n\n\n\n\t\t\t\t\t\t\t<td>Puede consultar la informaci\u00f3n adicional y detallada sobre Protecci\u00f3n de Datos en nuestra Pol\u00edtica de privacidad o <span class=\"showpopup_gdpr\">haciendo click aqu\u00ed.<span><\/span><\/span><\/td>\n\n\n\n\n\t\t\t\t\t\t<\/tr>\n\n\n\n\n\t\t\t\t\t<\/tbody>\n\n\n\n<\/table>\n\n<\/div>\t\t\t\t<\/div>\n\t\t\t\t\t\t\t\t<div class=\"elementor-field-type-acceptance elementor-field-group elementor-column elementor-field-group-acceptance elementor-col-100 elementor-field-required\">\n\t\t\t\t\t\t\t\t\t\t\t\t<label for=\"form-field-acceptance\" class=\"elementor-field-label elementor-screen-only\">\n\t\t\t\t\t\t\t\tacceptance\t\t\t\t\t\t\t<\/label>\n\t\t\t\t\t\t\t\t<div class=\"elementor-field-subgroup\">\n\t\t\t<span class=\"elementor-field-option\">\n\t\t\t\t<input type=\"checkbox\" name=\"form_fields[acceptance]\" id=\"form-field-acceptance\" class=\"elementor-field elementor-size-lg  elementor-acceptance-field\" required=\"required\">\n\t\t\t\t<label for=\"form-field-acceptance\">Si, doy mi consentimiento libre, espec\u00edfico, informado e inequ\u00edvoco para el tratamiento de mis datos por Molto y C\u00eda, S.A. para los fines descritos *<\/label>\t\t\t<\/span>\n\t\t<\/div>\n\t\t\t\t\t\t<\/div>\n\t\t\t\t\t\t\t\t<div class=\"elementor-field-group elementor-column elementor-field-type-submit elementor-col-100 e-form__buttons\">\n\t\t\t\t\t<button class=\"elementor-button elementor-size-sm\" type=\"submit\">\n\t\t\t\t\t\t<span class=\"elementor-button-content-wrapper\">\n\t\t\t\t\t\t\t\t\t\t\t\t\t\t\t\t\t\t\t\t\t\t<span class=\"elementor-button-text\">Enviar<\/span>\n\t\t\t\t\t\t\t\t\t\t\t\t\t<\/span>\n\t\t\t\t\t<\/button>\n\t\t\t\t<\/div>\n\t\t\t<\/div>\n\t\t<\/form>\n\t\t\t\t\t\t<\/div>\n\t\t\t\t<\/div>\n\t\t<div class=\"elementor-element elementor-element-2889181 e-con-full e-flex e-con e-child\" data-id=\"2889181\" data-element_type=\"container\">\n\t\t\t\t<div class=\"elementor-element elementor-element-7d20b82 elementor-widget elementor-widget-image\" data-id=\"7d20b82\" data-element_type=\"widget\" data-widget_type=\"image.default\">\n\t\t\t\t\t\t\t\t\t\t\t\t\t\t\t<img decoding=\"async\" width=\"144\" height=\"118\" src=\"https:\/\/www.molto.es\/wp-content\/uploads\/2026\/02\/mariquita.png\" class=\"attachment-large size-large wp-image-22658\" alt=\"\" \/>\t\t\t\t\t\t\t\t\t\t\t\t\t\t\t<\/div>\n\t\t\t\t<\/div>\n\t\t\t\t<\/div>\n\t\t\t\t<\/div>\n\t\t\t\t<\/div>\n\t\t\t\t\t<\/div>\n\t\t\t\t<\/div>\n\t\t\t\t<\/div>\n\t\t","protected":false},"excerpt":{"rendered":"<p>C\/ Murcia 3 03440 IBI &#8211; Alicante (Spain) Ver en google maps (+34) 965 035 326 Lunes a Viernes, 9AM &#8211; 12PM Env\u00edanos tu curr\u00edculum Dpto Ventas\/Marketing: molto@molto.com Env\u00edo de Curr\u00edculum Los campos marcados con * son obligatorios<\/p>\n","protected":false},"author":1,"featured_media":0,"parent":0,"menu_order":0,"comment_status":"closed","ping_status":"closed","template":"elementor_header_footer","meta":{"footnotes":""},"class_list":["post-1483","page","type-page","status-publish","hentry"],"yoast_head":"<!-- This site is optimized with the Yoast SEO plugin v26.6 - https:\/\/yoast.com\/wordpress\/plugins\/seo\/ -->\n<title>Contacto | Molto \u00b7 Juguetes para ni\u00f1os y beb\u00e9s . Entra para contactar con Molto<\/title>\n<meta name=\"description\" content=\"Ponte en contacto con nosotros de varias formas. Vis\u00edtanos, escr\u00edbenos un correo o ll\u00e1manos. Estaremos encantados de hablar contigo.\" \/>\n<meta name=\"robots\" content=\"noindex, follow\" \/>\n<meta property=\"og:locale\" content=\"es_ES\" \/>\n<meta property=\"og:type\" content=\"article\" \/>\n<meta property=\"og:title\" content=\"Contacto | Molto \u00b7 Juguetes para ni\u00f1os y beb\u00e9s . Entra para contactar con Molto\" \/>\n<meta property=\"og:description\" content=\"Ponte en contacto con nosotros de varias formas. Vis\u00edtanos, escr\u00edbenos un correo o ll\u00e1manos. Estaremos encantados de hablar contigo.\" \/>\n<meta property=\"og:url\" content=\"https:\/\/www.molto.es\/es\/contacto\/\" \/>\n<meta property=\"og:site_name\" content=\"Molto \u00b7 Juguetes para ni\u00f1os y beb\u00e9s\" \/>\n<meta property=\"article:publisher\" content=\"https:\/\/www.facebook.com\/www.molto.es?fref=ts\" \/>\n<meta property=\"article:modified_time\" content=\"2026-02-11T10:36:46+00:00\" \/>\n<meta property=\"og:image\" content=\"https:\/\/www.molto.es\/wp-content\/uploads\/2026\/02\/fondo-contacto_es.jpg\" \/>\n\t<meta property=\"og:image:width\" content=\"1040\" \/>\n\t<meta property=\"og:image:height\" content=\"400\" \/>\n\t<meta property=\"og:image:type\" content=\"image\/jpeg\" \/>\n<meta name=\"twitter:label1\" content=\"Tiempo de lectura\" \/>\n\t<meta name=\"twitter:data1\" content=\"1 minuto\" \/>\n<script type=\"application\/ld+json\" class=\"yoast-schema-graph\">{\"@context\":\"https:\/\/schema.org\",\"@graph\":[{\"@type\":\"WebPage\",\"@id\":\"https:\/\/www.molto.es\/es\/contacto\/\",\"url\":\"https:\/\/www.molto.es\/es\/contacto\/\",\"name\":\"Contacto | Molto \u00b7 Juguetes para ni\u00f1os y beb\u00e9s . Entra para contactar con Molto\",\"isPartOf\":{\"@id\":\"https:\/\/www.molto.es\/es\/#website\"},\"primaryImageOfPage\":{\"@id\":\"https:\/\/www.molto.es\/es\/contacto\/#primaryimage\"},\"image\":{\"@id\":\"https:\/\/www.molto.es\/es\/contacto\/#primaryimage\"},\"thumbnailUrl\":\"https:\/\/www.molto.es\/wp-content\/uploads\/2026\/02\/fondo-contacto_es.jpg\",\"datePublished\":\"2014-02-19T15:16:17+00:00\",\"dateModified\":\"2026-02-11T10:36:46+00:00\",\"description\":\"Ponte en contacto con nosotros de varias formas. Vis\u00edtanos, escr\u00edbenos un correo o ll\u00e1manos. Estaremos encantados de hablar contigo.\",\"inLanguage\":\"es\",\"potentialAction\":[{\"@type\":\"ReadAction\",\"target\":[\"https:\/\/www.molto.es\/es\/contacto\/\"]}]},{\"@type\":\"ImageObject\",\"inLanguage\":\"es\",\"@id\":\"https:\/\/www.molto.es\/es\/contacto\/#primaryimage\",\"url\":\"https:\/\/www.molto.es\/wp-content\/uploads\/2026\/02\/fondo-contacto_es.jpg\",\"contentUrl\":\"https:\/\/www.molto.es\/wp-content\/uploads\/2026\/02\/fondo-contacto_es.jpg\"},{\"@type\":\"WebSite\",\"@id\":\"https:\/\/www.molto.es\/es\/#website\",\"url\":\"https:\/\/www.molto.es\/es\/\",\"name\":\"Molto \u00b7 Juguetes para ni\u00f1os y beb\u00e9s\",\"description\":\"Tienda online de juguetes para ni\u00f1os y productos de puericultura para beb\u00e9s\",\"publisher\":{\"@id\":\"https:\/\/www.molto.es\/es\/#organization\"},\"potentialAction\":[{\"@type\":\"SearchAction\",\"target\":{\"@type\":\"EntryPoint\",\"urlTemplate\":\"https:\/\/www.molto.es\/es\/?s={search_term_string}\"},\"query-input\":{\"@type\":\"PropertyValueSpecification\",\"valueRequired\":true,\"valueName\":\"search_term_string\"}}],\"inLanguage\":\"es\"},{\"@type\":\"Organization\",\"@id\":\"https:\/\/www.molto.es\/es\/#organization\",\"name\":\"Molto y CIA S.L.\",\"url\":\"https:\/\/www.molto.es\/es\/\",\"logo\":{\"@type\":\"ImageObject\",\"inLanguage\":\"es\",\"@id\":\"https:\/\/www.molto.es\/es\/#\/schema\/logo\/image\/\",\"url\":\"https:\/\/www.molto.es\/wp-content\/uploads\/2018\/05\/LOGO-MOLTO-50x50.png\",\"contentUrl\":\"https:\/\/www.molto.es\/wp-content\/uploads\/2018\/05\/LOGO-MOLTO-50x50.png\",\"width\":50,\"height\":50,\"caption\":\"Molto y CIA S.L.\"},\"image\":{\"@id\":\"https:\/\/www.molto.es\/es\/#\/schema\/logo\/image\/\"},\"sameAs\":[\"https:\/\/www.facebook.com\/www.molto.es?fref=ts\",\"https:\/\/x.com\/molto_es\",\"https:\/\/www.instagram.com\/molto_es\/\",\"https:\/\/www.pinterest.es\/moltoes\/_created\/\",\"https:\/\/www.youtube.com\/channel\/UCF7ymIjm3jBR3eY7a36vDKQ\"]}]}<\/script>\n<!-- \/ Yoast SEO plugin. -->","yoast_head_json":{"title":"Contacto | Molto \u00b7 Juguetes para ni\u00f1os y beb\u00e9s . Entra para contactar con Molto","description":"Ponte en contacto con nosotros de varias formas. Vis\u00edtanos, escr\u00edbenos un correo o ll\u00e1manos. Estaremos encantados de hablar contigo.","robots":{"index":"noindex","follow":"follow"},"og_locale":"es_ES","og_type":"article","og_title":"Contacto | Molto \u00b7 Juguetes para ni\u00f1os y beb\u00e9s . Entra para contactar con Molto","og_description":"Ponte en contacto con nosotros de varias formas. Vis\u00edtanos, escr\u00edbenos un correo o ll\u00e1manos. Estaremos encantados de hablar contigo.","og_url":"https:\/\/www.molto.es\/es\/contacto\/","og_site_name":"Molto \u00b7 Juguetes para ni\u00f1os y beb\u00e9s","article_publisher":"https:\/\/www.facebook.com\/www.molto.es?fref=ts","article_modified_time":"2026-02-11T10:36:46+00:00","og_image":[{"width":1040,"height":400,"url":"https:\/\/www.molto.es\/wp-content\/uploads\/2026\/02\/fondo-contacto_es.jpg","type":"image\/jpeg"}],"twitter_misc":{"Tiempo de lectura":"1 minuto"},"schema":{"@context":"https:\/\/schema.org","@graph":[{"@type":"WebPage","@id":"https:\/\/www.molto.es\/es\/contacto\/","url":"https:\/\/www.molto.es\/es\/contacto\/","name":"Contacto | Molto \u00b7 Juguetes para ni\u00f1os y beb\u00e9s . Entra para contactar con Molto","isPartOf":{"@id":"https:\/\/www.molto.es\/es\/#website"},"primaryImageOfPage":{"@id":"https:\/\/www.molto.es\/es\/contacto\/#primaryimage"},"image":{"@id":"https:\/\/www.molto.es\/es\/contacto\/#primaryimage"},"thumbnailUrl":"https:\/\/www.molto.es\/wp-content\/uploads\/2026\/02\/fondo-contacto_es.jpg","datePublished":"2014-02-19T15:16:17+00:00","dateModified":"2026-02-11T10:36:46+00:00","description":"Ponte en contacto con nosotros de varias formas. Vis\u00edtanos, escr\u00edbenos un correo o ll\u00e1manos. Estaremos encantados de hablar contigo.","inLanguage":"es","potentialAction":[{"@type":"ReadAction","target":["https:\/\/www.molto.es\/es\/contacto\/"]}]},{"@type":"ImageObject","inLanguage":"es","@id":"https:\/\/www.molto.es\/es\/contacto\/#primaryimage","url":"https:\/\/www.molto.es\/wp-content\/uploads\/2026\/02\/fondo-contacto_es.jpg","contentUrl":"https:\/\/www.molto.es\/wp-content\/uploads\/2026\/02\/fondo-contacto_es.jpg"},{"@type":"WebSite","@id":"https:\/\/www.molto.es\/es\/#website","url":"https:\/\/www.molto.es\/es\/","name":"Molto \u00b7 Juguetes para ni\u00f1os y beb\u00e9s","description":"Tienda online de juguetes para ni\u00f1os y productos de puericultura para beb\u00e9s","publisher":{"@id":"https:\/\/www.molto.es\/es\/#organization"},"potentialAction":[{"@type":"SearchAction","target":{"@type":"EntryPoint","urlTemplate":"https:\/\/www.molto.es\/es\/?s={search_term_string}"},"query-input":{"@type":"PropertyValueSpecification","valueRequired":true,"valueName":"search_term_string"}}],"inLanguage":"es"},{"@type":"Organization","@id":"https:\/\/www.molto.es\/es\/#organization","name":"Molto y CIA S.L.","url":"https:\/\/www.molto.es\/es\/","logo":{"@type":"ImageObject","inLanguage":"es","@id":"https:\/\/www.molto.es\/es\/#\/schema\/logo\/image\/","url":"https:\/\/www.molto.es\/wp-content\/uploads\/2018\/05\/LOGO-MOLTO-50x50.png","contentUrl":"https:\/\/www.molto.es\/wp-content\/uploads\/2018\/05\/LOGO-MOLTO-50x50.png","width":50,"height":50,"caption":"Molto y CIA S.L."},"image":{"@id":"https:\/\/www.molto.es\/es\/#\/schema\/logo\/image\/"},"sameAs":["https:\/\/www.facebook.com\/www.molto.es?fref=ts","https:\/\/x.com\/molto_es","https:\/\/www.instagram.com\/molto_es\/","https:\/\/www.pinterest.es\/moltoes\/_created\/","https:\/\/www.youtube.com\/channel\/UCF7ymIjm3jBR3eY7a36vDKQ"]}]}},"_links":{"self":[{"href":"https:\/\/www.molto.es\/es\/wp-json\/wp\/v2\/pages\/1483","targetHints":{"allow":["GET"]}}],"collection":[{"href":"https:\/\/www.molto.es\/es\/wp-json\/wp\/v2\/pages"}],"about":[{"href":"https:\/\/www.molto.es\/es\/wp-json\/wp\/v2\/types\/page"}],"author":[{"embeddable":true,"href":"https:\/\/www.molto.es\/es\/wp-json\/wp\/v2\/users\/1"}],"replies":[{"embeddable":true,"href":"https:\/\/www.molto.es\/es\/wp-json\/wp\/v2\/comments?post=1483"}],"version-history":[{"count":5,"href":"https:\/\/www.molto.es\/es\/wp-json\/wp\/v2\/pages\/1483\/revisions"}],"predecessor-version":[{"id":22684,"href":"https:\/\/www.molto.es\/es\/wp-json\/wp\/v2\/pages\/1483\/revisions\/22684"}],"wp:attachment":[{"href":"https:\/\/www.molto.es\/es\/wp-json\/wp\/v2\/media?parent=1483"}],"curies":[{"name":"wp","href":"https:\/\/api.w.org\/{rel}","templated":true}]}}